{"id":45,"date":"2013-10-24T09:47:07","date_gmt":"2013-10-24T07:47:07","guid":{"rendered":"http:\/\/ksiegowoscmm.pl\/?page_id=45"},"modified":"2013-10-24T09:53:02","modified_gmt":"2013-10-24T07:53:02","slug":"certyfikat-ksiegowy","status":"publish","type":"page","link":"https:\/\/ksiegowoscmm.pl\/?page_id=45","title":{"rendered":"Certyfikat ksi\u0119gowy"},"content":{"rendered":"<h3><i>Uprawnienia<\/i><\/h3>\n<p><b><\/b><strong>Certyfikat ksi\u0119gowy<\/strong>\u00a0&#8211; nadawany przez Ministerstwo finans\u00f3w uprawnia do us\u0142ugowego prowadzenia ksi\u0105g rachunkowych i ksi\u0119gi przychod\u00f3w i rozchod\u00f3w. Gwarantuje odpowiednie przygotowanie teoretyczne i praktyczne do zawodowego \u015bwiadczenia us\u0142ug ksi\u0119gowych. Certyfikat ksi\u0119gowy przyznawany jest osobom, kt\u00f3re posiadaj\u0105 wykszta\u0142cenie wy\u017csze w zakresie rachunkowo\u015bci poparte trzyletni\u0105 praktyk\u0105 w ksi\u0119gowo\u015bci, lub posiadaj\u0105 wykszta\u0142cenie, co najmniej \u015brednie, dwuletni\u0105 praktyk\u0119 w ksi\u0119gowo\u015bci oraz zda\u0142y z wynikiem pozytywnym egzamin pa\u0144stwowy sprawdzaj\u0105cy kwalifikacje w zakresie rachunkowo\u015bci. Poprzez odbycie praktyki rozumie si\u0119 wykonywanie okre\u015blonych czynno\u015bci zawodowych, w tym: prowadzenie, na podstawie dowod\u00f3w ksi\u0119gowych, ksi\u0105g rachunkowych ujmuj\u0105cych zapisy zdarze\u0144 w porz\u0105dku chronologicznym i systematycznym, wycena aktyw\u00f3w i pasyw\u00f3w oraz ustalanie wyniku finansowego, sporz\u0105dzanie sprawozda\u0144 finansowych lub badanie sprawozda\u0144 finansowych pod nadzorem bieg\u0142ego rewidenta.<\/p>\n<p><strong>Wy\u0142\u0105cznie osoby posiadaj\u0105ce certyfikat ksi\u0119gowy, doradcy podatkowi oraz biegli rewidenci uprawnieni s\u0105 do prowadzenia ksi\u0105g rachunkowych i ksi\u0119gi przychod\u00f3w i rozchod\u00f3w.<\/strong><\/p>\n","protected":false},"excerpt":{"rendered":"<p>Uprawnienia Certyfikat ksi\u0119gowy\u00a0&#8211; nadawany przez Ministerstwo finans\u00f3w uprawnia do us\u0142ugowego prowadzenia ksi\u0105g rachunkowych i ksi\u0119gi przychod\u00f3w i rozchod\u00f3w. Gwarantuje odpowiednie przygotowanie teoretyczne i praktyczne do zawodowego \u015bwiadczenia us\u0142ug ksi\u0119gowych. Certyfikat ksi\u0119gowy przyznawany jest osobom, kt\u00f3re posiadaj\u0105 wykszta\u0142cenie wy\u017csze w zakresie rachunkowo\u015bci poparte trzyletni\u0105 praktyk\u0105 w ksi\u0119gowo\u015bci, lub posiadaj\u0105 wykszta\u0142cenie, co najmniej \u015brednie, dwuletni\u0105 praktyk\u0119 w [&hellip;]<\/p>\n","protected":false},"author":1,"featured_media":0,"parent":7,"menu_order":1,"comment_status":"closed","ping_status":"closed","template":"","meta":[],"_links":{"self":[{"href":"https:\/\/ksiegowoscmm.pl\/index.php?rest_route=\/wp\/v2\/pages\/45"}],"collection":[{"href":"https:\/\/ksiegowoscmm.pl\/index.php?rest_route=\/wp\/v2\/pages"}],"about":[{"href":"https:\/\/ksiegowoscmm.pl\/index.php?rest_route=\/wp\/v2\/types\/page"}],"author":[{"embeddable":true,"href":"https:\/\/ksiegowoscmm.pl\/index.php?rest_route=\/wp\/v2\/users\/1"}],"replies":[{"embeddable":true,"href":"https:\/\/ksiegowoscmm.pl\/index.php?rest_route=%2Fwp%2Fv2%2Fcomments&post=45"}],"version-history":[{"count":3,"href":"https:\/\/ksiegowoscmm.pl\/index.php?rest_route=\/wp\/v2\/pages\/45\/revisions"}],"predecessor-version":[{"id":50,"href":"https:\/\/ksiegowoscmm.pl\/index.php?rest_route=\/wp\/v2\/pages\/45\/revisions\/50"}],"up":[{"embeddable":true,"href":"https:\/\/ksiegowoscmm.pl\/index.php?rest_route=\/wp\/v2\/pages\/7"}],"wp:attachment":[{"href":"https:\/\/ksiegowoscmm.pl\/index.php?rest_route=%2Fwp%2Fv2%2Fmedia&parent=45"}],"curies":[{"name":"wp","href":"https:\/\/api.w.org\/{rel}","templated":true}]}}